{"id":4042,"date":"2012-07-02T13:44:44","date_gmt":"2012-07-02T13:44:44","guid":{"rendered":"http:\/\/preview1.blog-stage.wika.cloudpowered.services\/de\/?page_id=2366"},"modified":"2016-11-25T08:46:05","modified_gmt":"2016-11-25T07:46:05","slug":"formulario-de-contacto","status":"publish","type":"page","link":"https:\/\/blog-stage.wika.cloudpowered.services\/es\/formulario-de-contacto\/","title":{"rendered":"Formulario de contacto"},"content":{"rendered":"<p>\u00bfAlguna pregunta, sugerencia o le interesa alg\u00fan tema espec\u00edfico?\u00a0Por favor rellene este formulario. Estamos encantados de informarle.<\/p>\n<p>&nbsp;<\/p>\n<p>[contact-form-7 id=\u00bb526&#8243;]<\/p>\n","protected":false},"excerpt":{"rendered":"<p>\u00bfAlguna pregunta, sugerencia o le interesa alg\u00fan tema espec\u00edfico?\u00a0Por favor rellene este formulario. Estamos encantados de informarle. &nbsp; [contact-form-7 id=\u00bb526&#8243;]<\/p>\n","protected":false},"author":35,"featured_media":0,"parent":0,"menu_order":0,"comment_status":"closed","ping_status":"open","template":"contact.php","meta":{"_acf_changed":false,"footnotes":""},"class_list":["post-4042","page","type-page","status-publish","hentry"],"acf":[],"yoast_head":"<!-- This site is optimized with the Yoast SEO plugin v27.2 - https:\/\/yoast.com\/product\/yoast-seo-wordpress\/ -->\n<title>Formulario de contacto - Blog de WIKA<\/title>\n<meta name=\"description\" content=\"\u00bfAlguna pregunta, sugerencia o le interesa alg\u00fan tema espec\u00edfico?\u00a0Por favor rellene este formulario. Estamos encantados de informarle.&nbsp;\" \/>\n<meta name=\"robots\" content=\"index, follow, max-snippet:-1, max-image-preview:large, max-video-preview:-1\" \/>\n<link rel=\"canonical\" href=\"https:\/\/blog-stage.wika.cloudpowered.services\/es\/formulario-de-contacto\/\" \/>\n<meta property=\"og:locale\" content=\"es_ES\" \/>\n<meta property=\"og:type\" content=\"article\" \/>\n<meta property=\"og:title\" content=\"Formulario de contacto - Blog de WIKA\" \/>\n<meta property=\"og:description\" content=\"\u00bfAlguna pregunta, sugerencia o le interesa alg\u00fan tema espec\u00edfico?\u00a0Por favor rellene este formulario. Estamos encantados de informarle.&nbsp;\" \/>\n<meta property=\"og:url\" content=\"https:\/\/blog-stage.wika.cloudpowered.services\/es\/formulario-de-contacto\/\" \/>\n<meta property=\"og:site_name\" content=\"Blog de WIKA\" \/>\n<script type=\"application\/ld+json\" class=\"yoast-schema-graph\">{\"@context\":\"https:\/\/schema.org\",\"@graph\":[{\"@type\":\"WebPage\",\"@id\":\"https:\/\/blog-stage.wika.cloudpowered.services\/es\/formulario-de-contacto\/\",\"url\":\"https:\/\/blog-stage.wika.cloudpowered.services\/es\/formulario-de-contacto\/\",\"name\":\"Formulario de contacto - Blog de WIKA\",\"isPartOf\":{\"@id\":\"https:\/\/blog-stage.wika.cloudpowered.services\/es\/#website\"},\"datePublished\":\"2012-07-02T13:44:44+00:00\",\"dateModified\":\"2016-11-25T07:46:05+00:00\",\"description\":\"\u00bfAlguna pregunta, sugerencia o le interesa alg\u00fan tema espec\u00edfico?\u00a0Por favor rellene este formulario. Estamos encantados de informarle.&nbsp;\",\"breadcrumb\":{\"@id\":\"https:\/\/blog-stage.wika.cloudpowered.services\/es\/formulario-de-contacto\/#breadcrumb\"},\"inLanguage\":\"es\",\"potentialAction\":[{\"@type\":\"ReadAction\",\"target\":[\"https:\/\/blog-stage.wika.cloudpowered.services\/es\/formulario-de-contacto\/\"]}]},{\"@type\":\"BreadcrumbList\",\"@id\":\"https:\/\/blog-stage.wika.cloudpowered.services\/es\/formulario-de-contacto\/#breadcrumb\",\"itemListElement\":[{\"@type\":\"ListItem\",\"position\":1,\"name\":\"Home\",\"item\":\"https:\/\/blog-stage.wika.cloudpowered.services\/es\/\"},{\"@type\":\"ListItem\",\"position\":2,\"name\":\"Formulario de contacto\"}]},{\"@type\":\"WebSite\",\"@id\":\"https:\/\/blog-stage.wika.cloudpowered.services\/es\/#website\",\"url\":\"https:\/\/blog-stage.wika.cloudpowered.services\/es\/\",\"name\":\"Blog de WIKA\",\"description\":\"Nuestro blog ofrece numerosos art\u00edculos interesantes sobre instrumentaci\u00f3n de presi\u00f3n, temperatura, nivel, caudal y la calibraci\u00f3n de instrumentos.\",\"potentialAction\":[{\"@type\":\"SearchAction\",\"target\":{\"@type\":\"EntryPoint\",\"urlTemplate\":\"https:\/\/blog-stage.wika.cloudpowered.services\/es\/?s={search_term_string}\"},\"query-input\":{\"@type\":\"PropertyValueSpecification\",\"valueRequired\":true,\"valueName\":\"search_term_string\"}}],\"inLanguage\":\"es\"}]}<\/script>\n<!-- \/ Yoast SEO plugin. -->","yoast_head_json":{"title":"Formulario de contacto - Blog de WIKA","description":"\u00bfAlguna pregunta, sugerencia o le interesa alg\u00fan tema espec\u00edfico?\u00a0Por favor rellene este formulario. Estamos encantados de informarle.&nbsp;","robots":{"index":"index","follow":"follow","max-snippet":"max-snippet:-1","max-image-preview":"max-image-preview:large","max-video-preview":"max-video-preview:-1"},"canonical":"https:\/\/blog-stage.wika.cloudpowered.services\/es\/formulario-de-contacto\/","og_locale":"es_ES","og_type":"article","og_title":"Formulario de contacto - Blog de WIKA","og_description":"\u00bfAlguna pregunta, sugerencia o le interesa alg\u00fan tema espec\u00edfico?\u00a0Por favor rellene este formulario. Estamos encantados de informarle.&nbsp;","og_url":"https:\/\/blog-stage.wika.cloudpowered.services\/es\/formulario-de-contacto\/","og_site_name":"Blog de WIKA","schema":{"@context":"https:\/\/schema.org","@graph":[{"@type":"WebPage","@id":"https:\/\/blog-stage.wika.cloudpowered.services\/es\/formulario-de-contacto\/","url":"https:\/\/blog-stage.wika.cloudpowered.services\/es\/formulario-de-contacto\/","name":"Formulario de contacto - Blog de WIKA","isPartOf":{"@id":"https:\/\/blog-stage.wika.cloudpowered.services\/es\/#website"},"datePublished":"2012-07-02T13:44:44+00:00","dateModified":"2016-11-25T07:46:05+00:00","description":"\u00bfAlguna pregunta, sugerencia o le interesa alg\u00fan tema espec\u00edfico?\u00a0Por favor rellene este formulario. Estamos encantados de informarle.&nbsp;","breadcrumb":{"@id":"https:\/\/blog-stage.wika.cloudpowered.services\/es\/formulario-de-contacto\/#breadcrumb"},"inLanguage":"es","potentialAction":[{"@type":"ReadAction","target":["https:\/\/blog-stage.wika.cloudpowered.services\/es\/formulario-de-contacto\/"]}]},{"@type":"BreadcrumbList","@id":"https:\/\/blog-stage.wika.cloudpowered.services\/es\/formulario-de-contacto\/#breadcrumb","itemListElement":[{"@type":"ListItem","position":1,"name":"Home","item":"https:\/\/blog-stage.wika.cloudpowered.services\/es\/"},{"@type":"ListItem","position":2,"name":"Formulario de contacto"}]},{"@type":"WebSite","@id":"https:\/\/blog-stage.wika.cloudpowered.services\/es\/#website","url":"https:\/\/blog-stage.wika.cloudpowered.services\/es\/","name":"Blog de WIKA","description":"Nuestro blog ofrece numerosos art\u00edculos interesantes sobre instrumentaci\u00f3n de presi\u00f3n, temperatura, nivel, caudal y la calibraci\u00f3n de instrumentos.","potentialAction":[{"@type":"SearchAction","target":{"@type":"EntryPoint","urlTemplate":"https:\/\/blog-stage.wika.cloudpowered.services\/es\/?s={search_term_string}"},"query-input":{"@type":"PropertyValueSpecification","valueRequired":true,"valueName":"search_term_string"}}],"inLanguage":"es"}]}},"_links":{"self":[{"href":"https:\/\/blog-stage.wika.cloudpowered.services\/es\/wp-json\/wp\/v2\/pages\/4042","targetHints":{"allow":["GET"]}}],"collection":[{"href":"https:\/\/blog-stage.wika.cloudpowered.services\/es\/wp-json\/wp\/v2\/pages"}],"about":[{"href":"https:\/\/blog-stage.wika.cloudpowered.services\/es\/wp-json\/wp\/v2\/types\/page"}],"author":[{"embeddable":true,"href":"https:\/\/blog-stage.wika.cloudpowered.services\/es\/wp-json\/wp\/v2\/users\/35"}],"replies":[{"embeddable":true,"href":"https:\/\/blog-stage.wika.cloudpowered.services\/es\/wp-json\/wp\/v2\/comments?post=4042"}],"version-history":[{"count":4,"href":"https:\/\/blog-stage.wika.cloudpowered.services\/es\/wp-json\/wp\/v2\/pages\/4042\/revisions"}],"predecessor-version":[{"id":6186,"href":"https:\/\/blog-stage.wika.cloudpowered.services\/es\/wp-json\/wp\/v2\/pages\/4042\/revisions\/6186"}],"wp:attachment":[{"href":"https:\/\/blog-stage.wika.cloudpowered.services\/es\/wp-json\/wp\/v2\/media?parent=4042"}],"curies":[{"name":"wp","href":"https:\/\/api.w.org\/{rel}","templated":true}]}}