{"id":87,"date":"2009-08-03T12:19:33","date_gmt":"2009-08-03T10:19:33","guid":{"rendered":"https:\/\/blog-stage.wika.cloudpowered.services\/de\/?page_id=87"},"modified":"2016-11-22T12:57:38","modified_gmt":"2016-11-22T11:57:38","slug":"authors-team","status":"publish","type":"page","link":"https:\/\/blog-stage.wika.cloudpowered.services\/es\/authors-team\/","title":{"rendered":"Autores"},"content":{"rendered":"","protected":false},"excerpt":{"rendered":"","protected":false},"author":35,"featured_media":0,"parent":0,"menu_order":1,"comment_status":"closed","ping_status":"closed","template":"authors2.php","meta":{"_acf_changed":false,"footnotes":""},"class_list":["post-87","page","type-page","status-publish","hentry"],"acf":[],"yoast_head":"<!-- This site is optimized with the Yoast SEO plugin v27.2 - https:\/\/yoast.com\/product\/yoast-seo-wordpress\/ -->\n<title>Autores - WIKA blog<\/title>\n<meta name=\"description\" content=\"\u00bfAlguna pregunta sobre nuestros autores o le interesa saber algo m\u00e1s sobre los art\u00edculos?\" \/>\n<meta name=\"robots\" content=\"index, follow, max-snippet:-1, max-image-preview:large, max-video-preview:-1\" \/>\n<link rel=\"canonical\" href=\"https:\/\/blog-stage.wika.cloudpowered.services\/es\/authors-team\/\" \/>\n<meta property=\"og:locale\" content=\"es_ES\" \/>\n<meta property=\"og:type\" content=\"article\" \/>\n<meta property=\"og:title\" content=\"Autores - WIKA blog\" \/>\n<meta property=\"og:description\" content=\"\u00bfAlguna pregunta sobre nuestros autores o le interesa saber algo m\u00e1s sobre los art\u00edculos?\" \/>\n<meta property=\"og:url\" content=\"https:\/\/blog-stage.wika.cloudpowered.services\/es\/authors-team\/\" \/>\n<meta property=\"og:site_name\" content=\"Blog de WIKA\" \/>\n<script type=\"application\/ld+json\" class=\"yoast-schema-graph\">{\"@context\":\"https:\/\/schema.org\",\"@graph\":[{\"@type\":\"WebPage\",\"@id\":\"https:\/\/blog-stage.wika.cloudpowered.services\/es\/authors-team\/\",\"url\":\"https:\/\/blog-stage.wika.cloudpowered.services\/es\/authors-team\/\",\"name\":\"Autores - WIKA blog\",\"isPartOf\":{\"@id\":\"https:\/\/blog-stage.wika.cloudpowered.services\/es\/#website\"},\"datePublished\":\"2009-08-03T10:19:33+00:00\",\"dateModified\":\"2016-11-22T11:57:38+00:00\",\"description\":\"\u00bfAlguna pregunta sobre nuestros autores o le interesa saber algo m\u00e1s sobre los art\u00edculos?\",\"breadcrumb\":{\"@id\":\"https:\/\/blog-stage.wika.cloudpowered.services\/es\/authors-team\/#breadcrumb\"},\"inLanguage\":\"es\",\"potentialAction\":[{\"@type\":\"ReadAction\",\"target\":[\"https:\/\/blog-stage.wika.cloudpowered.services\/es\/authors-team\/\"]}]},{\"@type\":\"BreadcrumbList\",\"@id\":\"https:\/\/blog-stage.wika.cloudpowered.services\/es\/authors-team\/#breadcrumb\",\"itemListElement\":[{\"@type\":\"ListItem\",\"position\":1,\"name\":\"Home\",\"item\":\"https:\/\/blog-stage.wika.cloudpowered.services\/es\/\"},{\"@type\":\"ListItem\",\"position\":2,\"name\":\"Autores\"}]},{\"@type\":\"WebSite\",\"@id\":\"https:\/\/blog-stage.wika.cloudpowered.services\/es\/#website\",\"url\":\"https:\/\/blog-stage.wika.cloudpowered.services\/es\/\",\"name\":\"Blog de WIKA\",\"description\":\"Nuestro blog ofrece numerosos art\u00edculos interesantes sobre instrumentaci\u00f3n de presi\u00f3n, temperatura, nivel, caudal y la calibraci\u00f3n de instrumentos.\",\"potentialAction\":[{\"@type\":\"SearchAction\",\"target\":{\"@type\":\"EntryPoint\",\"urlTemplate\":\"https:\/\/blog-stage.wika.cloudpowered.services\/es\/?s={search_term_string}\"},\"query-input\":{\"@type\":\"PropertyValueSpecification\",\"valueRequired\":true,\"valueName\":\"search_term_string\"}}],\"inLanguage\":\"es\"}]}<\/script>\n<!-- \/ Yoast SEO plugin. -->","yoast_head_json":{"title":"Autores - WIKA blog","description":"\u00bfAlguna pregunta sobre nuestros autores o le interesa saber algo m\u00e1s sobre los art\u00edculos?","robots":{"index":"index","follow":"follow","max-snippet":"max-snippet:-1","max-image-preview":"max-image-preview:large","max-video-preview":"max-video-preview:-1"},"canonical":"https:\/\/blog-stage.wika.cloudpowered.services\/es\/authors-team\/","og_locale":"es_ES","og_type":"article","og_title":"Autores - WIKA blog","og_description":"\u00bfAlguna pregunta sobre nuestros autores o le interesa saber algo m\u00e1s sobre los art\u00edculos?","og_url":"https:\/\/blog-stage.wika.cloudpowered.services\/es\/authors-team\/","og_site_name":"Blog de WIKA","schema":{"@context":"https:\/\/schema.org","@graph":[{"@type":"WebPage","@id":"https:\/\/blog-stage.wika.cloudpowered.services\/es\/authors-team\/","url":"https:\/\/blog-stage.wika.cloudpowered.services\/es\/authors-team\/","name":"Autores - WIKA blog","isPartOf":{"@id":"https:\/\/blog-stage.wika.cloudpowered.services\/es\/#website"},"datePublished":"2009-08-03T10:19:33+00:00","dateModified":"2016-11-22T11:57:38+00:00","description":"\u00bfAlguna pregunta sobre nuestros autores o le interesa saber algo m\u00e1s sobre los art\u00edculos?","breadcrumb":{"@id":"https:\/\/blog-stage.wika.cloudpowered.services\/es\/authors-team\/#breadcrumb"},"inLanguage":"es","potentialAction":[{"@type":"ReadAction","target":["https:\/\/blog-stage.wika.cloudpowered.services\/es\/authors-team\/"]}]},{"@type":"BreadcrumbList","@id":"https:\/\/blog-stage.wika.cloudpowered.services\/es\/authors-team\/#breadcrumb","itemListElement":[{"@type":"ListItem","position":1,"name":"Home","item":"https:\/\/blog-stage.wika.cloudpowered.services\/es\/"},{"@type":"ListItem","position":2,"name":"Autores"}]},{"@type":"WebSite","@id":"https:\/\/blog-stage.wika.cloudpowered.services\/es\/#website","url":"https:\/\/blog-stage.wika.cloudpowered.services\/es\/","name":"Blog de WIKA","description":"Nuestro blog ofrece numerosos art\u00edculos interesantes sobre instrumentaci\u00f3n de presi\u00f3n, temperatura, nivel, caudal y la calibraci\u00f3n de instrumentos.","potentialAction":[{"@type":"SearchAction","target":{"@type":"EntryPoint","urlTemplate":"https:\/\/blog-stage.wika.cloudpowered.services\/es\/?s={search_term_string}"},"query-input":{"@type":"PropertyValueSpecification","valueRequired":true,"valueName":"search_term_string"}}],"inLanguage":"es"}]}},"_links":{"self":[{"href":"https:\/\/blog-stage.wika.cloudpowered.services\/es\/wp-json\/wp\/v2\/pages\/87","targetHints":{"allow":["GET"]}}],"collection":[{"href":"https:\/\/blog-stage.wika.cloudpowered.services\/es\/wp-json\/wp\/v2\/pages"}],"about":[{"href":"https:\/\/blog-stage.wika.cloudpowered.services\/es\/wp-json\/wp\/v2\/types\/page"}],"author":[{"embeddable":true,"href":"https:\/\/blog-stage.wika.cloudpowered.services\/es\/wp-json\/wp\/v2\/users\/35"}],"replies":[{"embeddable":true,"href":"https:\/\/blog-stage.wika.cloudpowered.services\/es\/wp-json\/wp\/v2\/comments?post=87"}],"version-history":[{"count":2,"href":"https:\/\/blog-stage.wika.cloudpowered.services\/es\/wp-json\/wp\/v2\/pages\/87\/revisions"}],"predecessor-version":[{"id":6176,"href":"https:\/\/blog-stage.wika.cloudpowered.services\/es\/wp-json\/wp\/v2\/pages\/87\/revisions\/6176"}],"wp:attachment":[{"href":"https:\/\/blog-stage.wika.cloudpowered.services\/es\/wp-json\/wp\/v2\/media?parent=87"}],"curies":[{"name":"wp","href":"https:\/\/api.w.org\/{rel}","templated":true}]}}