{"id":5999,"date":"2009-08-03T12:19:33","date_gmt":"2009-08-03T10:19:33","guid":{"rendered":"https:\/\/blog-stage.wika.cloudpowered.services\/de\/?page_id=87"},"modified":"2015-07-27T14:32:45","modified_gmt":"2015-07-27T12:32:45","slug":"authors-team","status":"publish","type":"page","link":"https:\/\/blog-stage.wika.cloudpowered.services\/pl\/authors-team\/","title":{"rendered":"Obecni autorzy"},"content":{"rendered":"","protected":false},"excerpt":{"rendered":"","protected":false},"author":35,"featured_media":0,"parent":0,"menu_order":1,"comment_status":"closed","ping_status":"closed","template":"authors.php","meta":{"_acf_changed":false,"footnotes":""},"class_list":["post-5999","page","type-page","status-publish","hentry"],"acf":[],"yoast_head":"<!-- This site is optimized with the Yoast SEO plugin v27.2 - https:\/\/yoast.com\/product\/yoast-seo-wordpress\/ -->\n<title>Obecni autorzy - blog WIKA<\/title>\n<meta name=\"description\" content=\"Czy maj\u0105 Pa\u0144stwo pytania do naszych autor\u00f3w lub chc\u0105 wiedzie\u0107 kto stoi za artyku\u0142em?\" \/>\n<meta name=\"robots\" content=\"index, follow, max-snippet:-1, max-image-preview:large, max-video-preview:-1\" \/>\n<link rel=\"canonical\" href=\"https:\/\/blog-stage.wika.cloudpowered.services\/pl\/authors-team\/\" \/>\n<meta property=\"og:locale\" content=\"pl_PL\" \/>\n<meta property=\"og:type\" content=\"article\" \/>\n<meta property=\"og:title\" content=\"Obecni autorzy - blog WIKA\" \/>\n<meta property=\"og:description\" content=\"Czy maj\u0105 Pa\u0144stwo pytania do naszych autor\u00f3w lub chc\u0105 wiedzie\u0107 kto stoi za artyku\u0142em?\" \/>\n<meta property=\"og:url\" content=\"https:\/\/blog-stage.wika.cloudpowered.services\/pl\/authors-team\/\" \/>\n<meta property=\"og:site_name\" content=\"Blog WIKA\" \/>\n<script type=\"application\/ld+json\" class=\"yoast-schema-graph\">{\"@context\":\"https:\/\/schema.org\",\"@graph\":[{\"@type\":\"WebPage\",\"@id\":\"https:\/\/blog-stage.wika.cloudpowered.services\/pl\/authors-team\/\",\"url\":\"https:\/\/blog-stage.wika.cloudpowered.services\/pl\/authors-team\/\",\"name\":\"Obecni autorzy - blog WIKA\",\"isPartOf\":{\"@id\":\"https:\/\/blog-stage.wika.cloudpowered.services\/pl\/#website\"},\"datePublished\":\"2009-08-03T10:19:33+00:00\",\"dateModified\":\"2015-07-27T12:32:45+00:00\",\"description\":\"Czy maj\u0105 Pa\u0144stwo pytania do naszych autor\u00f3w lub chc\u0105 wiedzie\u0107 kto stoi za artyku\u0142em?\",\"breadcrumb\":{\"@id\":\"https:\/\/blog-stage.wika.cloudpowered.services\/pl\/authors-team\/#breadcrumb\"},\"inLanguage\":\"pl-PL\",\"potentialAction\":[{\"@type\":\"ReadAction\",\"target\":[\"https:\/\/blog-stage.wika.cloudpowered.services\/pl\/authors-team\/\"]}]},{\"@type\":\"BreadcrumbList\",\"@id\":\"https:\/\/blog-stage.wika.cloudpowered.services\/pl\/authors-team\/#breadcrumb\",\"itemListElement\":[{\"@type\":\"ListItem\",\"position\":1,\"name\":\"Strona g\u0142\u00f3wna\",\"item\":\"https:\/\/blog-stage.wika.cloudpowered.services\/pl\/\"},{\"@type\":\"ListItem\",\"position\":2,\"name\":\"Obecni autorzy\"}]},{\"@type\":\"WebSite\",\"@id\":\"https:\/\/blog-stage.wika.cloudpowered.services\/pl\/#website\",\"url\":\"https:\/\/blog-stage.wika.cloudpowered.services\/pl\/\",\"name\":\"Blog WIKA\",\"description\":\"W naszym blogu WIKA Polska, mened\u017cerowie produktu poruszaj\u0105 interesuj\u0105ce tematy ze \u015bwiata elektronicznego pomiaru ci\u015bnienia. Odpowiadaj\u0105 na wi\u0119kszo\u015b\u0107 pyta\u0144, kt\u00f3re pojawiaj\u0105 si\u0119 w ich codziennej pracy.\",\"potentialAction\":[{\"@type\":\"SearchAction\",\"target\":{\"@type\":\"EntryPoint\",\"urlTemplate\":\"https:\/\/blog-stage.wika.cloudpowered.services\/pl\/?s={search_term_string}\"},\"query-input\":{\"@type\":\"PropertyValueSpecification\",\"valueRequired\":true,\"valueName\":\"search_term_string\"}}],\"inLanguage\":\"pl-PL\"}]}<\/script>\n<!-- \/ Yoast SEO plugin. -->","yoast_head_json":{"title":"Obecni autorzy - blog WIKA","description":"Czy maj\u0105 Pa\u0144stwo pytania do naszych autor\u00f3w lub chc\u0105 wiedzie\u0107 kto stoi za artyku\u0142em?","robots":{"index":"index","follow":"follow","max-snippet":"max-snippet:-1","max-image-preview":"max-image-preview:large","max-video-preview":"max-video-preview:-1"},"canonical":"https:\/\/blog-stage.wika.cloudpowered.services\/pl\/authors-team\/","og_locale":"pl_PL","og_type":"article","og_title":"Obecni autorzy - blog WIKA","og_description":"Czy maj\u0105 Pa\u0144stwo pytania do naszych autor\u00f3w lub chc\u0105 wiedzie\u0107 kto stoi za artyku\u0142em?","og_url":"https:\/\/blog-stage.wika.cloudpowered.services\/pl\/authors-team\/","og_site_name":"Blog WIKA","schema":{"@context":"https:\/\/schema.org","@graph":[{"@type":"WebPage","@id":"https:\/\/blog-stage.wika.cloudpowered.services\/pl\/authors-team\/","url":"https:\/\/blog-stage.wika.cloudpowered.services\/pl\/authors-team\/","name":"Obecni autorzy - blog WIKA","isPartOf":{"@id":"https:\/\/blog-stage.wika.cloudpowered.services\/pl\/#website"},"datePublished":"2009-08-03T10:19:33+00:00","dateModified":"2015-07-27T12:32:45+00:00","description":"Czy maj\u0105 Pa\u0144stwo pytania do naszych autor\u00f3w lub chc\u0105 wiedzie\u0107 kto stoi za artyku\u0142em?","breadcrumb":{"@id":"https:\/\/blog-stage.wika.cloudpowered.services\/pl\/authors-team\/#breadcrumb"},"inLanguage":"pl-PL","potentialAction":[{"@type":"ReadAction","target":["https:\/\/blog-stage.wika.cloudpowered.services\/pl\/authors-team\/"]}]},{"@type":"BreadcrumbList","@id":"https:\/\/blog-stage.wika.cloudpowered.services\/pl\/authors-team\/#breadcrumb","itemListElement":[{"@type":"ListItem","position":1,"name":"Strona g\u0142\u00f3wna","item":"https:\/\/blog-stage.wika.cloudpowered.services\/pl\/"},{"@type":"ListItem","position":2,"name":"Obecni autorzy"}]},{"@type":"WebSite","@id":"https:\/\/blog-stage.wika.cloudpowered.services\/pl\/#website","url":"https:\/\/blog-stage.wika.cloudpowered.services\/pl\/","name":"Blog WIKA","description":"W naszym blogu WIKA Polska, mened\u017cerowie produktu poruszaj\u0105 interesuj\u0105ce tematy ze \u015bwiata elektronicznego pomiaru ci\u015bnienia. Odpowiadaj\u0105 na wi\u0119kszo\u015b\u0107 pyta\u0144, kt\u00f3re pojawiaj\u0105 si\u0119 w ich codziennej pracy.","potentialAction":[{"@type":"SearchAction","target":{"@type":"EntryPoint","urlTemplate":"https:\/\/blog-stage.wika.cloudpowered.services\/pl\/?s={search_term_string}"},"query-input":{"@type":"PropertyValueSpecification","valueRequired":true,"valueName":"search_term_string"}}],"inLanguage":"pl-PL"}]}},"_links":{"self":[{"href":"https:\/\/blog-stage.wika.cloudpowered.services\/pl\/wp-json\/wp\/v2\/pages\/5999","targetHints":{"allow":["GET"]}}],"collection":[{"href":"https:\/\/blog-stage.wika.cloudpowered.services\/pl\/wp-json\/wp\/v2\/pages"}],"about":[{"href":"https:\/\/blog-stage.wika.cloudpowered.services\/pl\/wp-json\/wp\/v2\/types\/page"}],"author":[{"embeddable":true,"href":"https:\/\/blog-stage.wika.cloudpowered.services\/pl\/wp-json\/wp\/v2\/users\/35"}],"replies":[{"embeddable":true,"href":"https:\/\/blog-stage.wika.cloudpowered.services\/pl\/wp-json\/wp\/v2\/comments?post=5999"}],"version-history":[{"count":2,"href":"https:\/\/blog-stage.wika.cloudpowered.services\/pl\/wp-json\/wp\/v2\/pages\/5999\/revisions"}],"predecessor-version":[{"id":6129,"href":"https:\/\/blog-stage.wika.cloudpowered.services\/pl\/wp-json\/wp\/v2\/pages\/5999\/revisions\/6129"}],"wp:attachment":[{"href":"https:\/\/blog-stage.wika.cloudpowered.services\/pl\/wp-json\/wp\/v2\/media?parent=5999"}],"curies":[{"name":"wp","href":"https:\/\/api.w.org\/{rel}","templated":true}]}}