{"id":6000,"date":"2012-07-02T13:44:44","date_gmt":"2012-07-02T13:44:44","guid":{"rendered":"http:\/\/preview1.blog-stage.wika.cloudpowered.services\/de\/?page_id=2366"},"modified":"2023-03-29T12:27:33","modified_gmt":"2023-03-29T10:27:33","slug":"kontakt","status":"publish","type":"page","link":"https:\/\/blog-stage.wika.cloudpowered.services\/pl\/kontakt\/","title":{"rendered":"Formularz kontaktowy"},"content":{"rendered":"<p>Czy maj\u0105 Pa\u0144stwo pytania,\u00a0\u017cyczenia czy sugestie lub potrzebuj\u0105 dodatkowych informacji? Prosimy skorzysta\u0107 z poni\u017cszego formularza. Z ch\u0119ci\u0105 udzielimy pomocy!<\/p>\n<p>&nbsp;<\/p>\n<p>[contact-form-7 id=&#8221;6107&#8243;]<\/p>\n<p>Informujemy, \u017ce administratorem Twoich danych osobowych (w skr\u00f3cie ADO) jest WIKA Polska sp\u00f3\u0142ka z ograniczon\u0105 odpowiedzialno\u015bci\u0105 sp. k. z siedzib\u0105 we W\u0142oc\u0142awku (kontakt: W\u0142oc\u0142awek (87-800) ul. \u0141\u0119gska 29\/35 lub mailowo <a>info@wikapolska.pl<\/a>). <strong><a href=\"https:\/\/blog-stage.wika.cloudpowered.services\/pl\/files\/2023\/03\/zz_informationclausecontactform_pl-pl.pdf\" target=\"_blank\" rel=\"noopener noreferrer\">Wi\u0119cej<\/a><\/strong><\/p>\n","protected":false},"excerpt":{"rendered":"<p>Czy maj\u0105 Pa\u0144stwo pytania,\u00a0\u017cyczenia czy sugestie lub potrzebuj\u0105 dodatkowych informacji? Prosimy skorzysta\u0107 z poni\u017cszego formularza. Z ch\u0119ci\u0105 udzielimy pomocy! &nbsp; [contact-form-7 id=&#8221;6107&#8243;] Informujemy, \u017ce administratorem Twoich danych osobowych (w skr\u00f3cie ADO) jest WIKA Polska sp\u00f3\u0142ka z ograniczon\u0105 odpowiedzialno\u015bci\u0105 sp. k. z siedzib\u0105 we W\u0142oc\u0142awku (kontakt: W\u0142oc\u0142awek (87-800) ul. \u0141\u0119gska 29\/35 lub mailowo info@wikapolska.pl). Wi\u0119cej<\/p>\n","protected":false},"author":35,"featured_media":0,"parent":0,"menu_order":0,"comment_status":"closed","ping_status":"open","template":"contact.php","meta":{"_acf_changed":false,"footnotes":""},"class_list":["post-6000","page","type-page","status-publish","hentry"],"acf":[],"yoast_head":"<!-- This site is optimized with the Yoast SEO plugin v27.2 - https:\/\/yoast.com\/product\/yoast-seo-wordpress\/ -->\n<title>Formularz kontaktowy - Blogu WIKA<\/title>\n<meta name=\"description\" content=\"Czy maj\u0105 Pa\u0144stwo pytania,\u00a0\u017cyczenia czy sugestie lub potrzebuj\u0105 dodatkowych informacji? Prosimy skorzysta\u0107 z poni\u017cszego formularza. Z ch\u0119ci\u0105 udzielimy\" \/>\n<meta name=\"robots\" content=\"index, follow, max-snippet:-1, max-image-preview:large, max-video-preview:-1\" \/>\n<link rel=\"canonical\" href=\"https:\/\/blog-stage.wika.cloudpowered.services\/pl\/kontakt\/\" \/>\n<meta property=\"og:locale\" content=\"pl_PL\" \/>\n<meta property=\"og:type\" content=\"article\" \/>\n<meta property=\"og:title\" content=\"Formularz kontaktowy - Blogu WIKA\" \/>\n<meta property=\"og:description\" content=\"Czy maj\u0105 Pa\u0144stwo pytania,\u00a0\u017cyczenia czy sugestie lub potrzebuj\u0105 dodatkowych informacji? Prosimy skorzysta\u0107 z poni\u017cszego formularza. Z ch\u0119ci\u0105 udzielimy\" \/>\n<meta property=\"og:url\" content=\"https:\/\/blog-stage.wika.cloudpowered.services\/pl\/kontakt\/\" \/>\n<meta property=\"og:site_name\" content=\"Blog WIKA\" \/>\n<script type=\"application\/ld+json\" class=\"yoast-schema-graph\">{\"@context\":\"https:\/\/schema.org\",\"@graph\":[{\"@type\":\"WebPage\",\"@id\":\"https:\/\/blog-stage.wika.cloudpowered.services\/pl\/kontakt\/\",\"url\":\"https:\/\/blog-stage.wika.cloudpowered.services\/pl\/kontakt\/\",\"name\":\"Formularz kontaktowy - Blogu WIKA\",\"isPartOf\":{\"@id\":\"https:\/\/blog-stage.wika.cloudpowered.services\/pl\/#website\"},\"datePublished\":\"2012-07-02T13:44:44+00:00\",\"dateModified\":\"2023-03-29T10:27:33+00:00\",\"description\":\"Czy maj\u0105 Pa\u0144stwo pytania,\u00a0\u017cyczenia czy sugestie lub potrzebuj\u0105 dodatkowych informacji? Prosimy skorzysta\u0107 z poni\u017cszego formularza. Z ch\u0119ci\u0105 udzielimy\",\"breadcrumb\":{\"@id\":\"https:\/\/blog-stage.wika.cloudpowered.services\/pl\/kontakt\/#breadcrumb\"},\"inLanguage\":\"pl-PL\",\"potentialAction\":[{\"@type\":\"ReadAction\",\"target\":[\"https:\/\/blog-stage.wika.cloudpowered.services\/pl\/kontakt\/\"]}]},{\"@type\":\"BreadcrumbList\",\"@id\":\"https:\/\/blog-stage.wika.cloudpowered.services\/pl\/kontakt\/#breadcrumb\",\"itemListElement\":[{\"@type\":\"ListItem\",\"position\":1,\"name\":\"Strona g\u0142\u00f3wna\",\"item\":\"https:\/\/blog-stage.wika.cloudpowered.services\/pl\/\"},{\"@type\":\"ListItem\",\"position\":2,\"name\":\"Formularz kontaktowy\"}]},{\"@type\":\"WebSite\",\"@id\":\"https:\/\/blog-stage.wika.cloudpowered.services\/pl\/#website\",\"url\":\"https:\/\/blog-stage.wika.cloudpowered.services\/pl\/\",\"name\":\"Blog WIKA\",\"description\":\"W naszym blogu WIKA Polska, mened\u017cerowie produktu poruszaj\u0105 interesuj\u0105ce tematy ze \u015bwiata elektronicznego pomiaru ci\u015bnienia. Odpowiadaj\u0105 na wi\u0119kszo\u015b\u0107 pyta\u0144, kt\u00f3re pojawiaj\u0105 si\u0119 w ich codziennej pracy.\",\"potentialAction\":[{\"@type\":\"SearchAction\",\"target\":{\"@type\":\"EntryPoint\",\"urlTemplate\":\"https:\/\/blog-stage.wika.cloudpowered.services\/pl\/?s={search_term_string}\"},\"query-input\":{\"@type\":\"PropertyValueSpecification\",\"valueRequired\":true,\"valueName\":\"search_term_string\"}}],\"inLanguage\":\"pl-PL\"}]}<\/script>\n<!-- \/ Yoast SEO plugin. -->","yoast_head_json":{"title":"Formularz kontaktowy - Blogu WIKA","description":"Czy maj\u0105 Pa\u0144stwo pytania,\u00a0\u017cyczenia czy sugestie lub potrzebuj\u0105 dodatkowych informacji? Prosimy skorzysta\u0107 z poni\u017cszego formularza. Z ch\u0119ci\u0105 udzielimy","robots":{"index":"index","follow":"follow","max-snippet":"max-snippet:-1","max-image-preview":"max-image-preview:large","max-video-preview":"max-video-preview:-1"},"canonical":"https:\/\/blog-stage.wika.cloudpowered.services\/pl\/kontakt\/","og_locale":"pl_PL","og_type":"article","og_title":"Formularz kontaktowy - Blogu WIKA","og_description":"Czy maj\u0105 Pa\u0144stwo pytania,\u00a0\u017cyczenia czy sugestie lub potrzebuj\u0105 dodatkowych informacji? Prosimy skorzysta\u0107 z poni\u017cszego formularza. Z ch\u0119ci\u0105 udzielimy","og_url":"https:\/\/blog-stage.wika.cloudpowered.services\/pl\/kontakt\/","og_site_name":"Blog WIKA","schema":{"@context":"https:\/\/schema.org","@graph":[{"@type":"WebPage","@id":"https:\/\/blog-stage.wika.cloudpowered.services\/pl\/kontakt\/","url":"https:\/\/blog-stage.wika.cloudpowered.services\/pl\/kontakt\/","name":"Formularz kontaktowy - Blogu WIKA","isPartOf":{"@id":"https:\/\/blog-stage.wika.cloudpowered.services\/pl\/#website"},"datePublished":"2012-07-02T13:44:44+00:00","dateModified":"2023-03-29T10:27:33+00:00","description":"Czy maj\u0105 Pa\u0144stwo pytania,\u00a0\u017cyczenia czy sugestie lub potrzebuj\u0105 dodatkowych informacji? Prosimy skorzysta\u0107 z poni\u017cszego formularza. Z ch\u0119ci\u0105 udzielimy","breadcrumb":{"@id":"https:\/\/blog-stage.wika.cloudpowered.services\/pl\/kontakt\/#breadcrumb"},"inLanguage":"pl-PL","potentialAction":[{"@type":"ReadAction","target":["https:\/\/blog-stage.wika.cloudpowered.services\/pl\/kontakt\/"]}]},{"@type":"BreadcrumbList","@id":"https:\/\/blog-stage.wika.cloudpowered.services\/pl\/kontakt\/#breadcrumb","itemListElement":[{"@type":"ListItem","position":1,"name":"Strona g\u0142\u00f3wna","item":"https:\/\/blog-stage.wika.cloudpowered.services\/pl\/"},{"@type":"ListItem","position":2,"name":"Formularz kontaktowy"}]},{"@type":"WebSite","@id":"https:\/\/blog-stage.wika.cloudpowered.services\/pl\/#website","url":"https:\/\/blog-stage.wika.cloudpowered.services\/pl\/","name":"Blog WIKA","description":"W naszym blogu WIKA Polska, mened\u017cerowie produktu poruszaj\u0105 interesuj\u0105ce tematy ze \u015bwiata elektronicznego pomiaru ci\u015bnienia. Odpowiadaj\u0105 na wi\u0119kszo\u015b\u0107 pyta\u0144, kt\u00f3re pojawiaj\u0105 si\u0119 w ich codziennej pracy.","potentialAction":[{"@type":"SearchAction","target":{"@type":"EntryPoint","urlTemplate":"https:\/\/blog-stage.wika.cloudpowered.services\/pl\/?s={search_term_string}"},"query-input":{"@type":"PropertyValueSpecification","valueRequired":true,"valueName":"search_term_string"}}],"inLanguage":"pl-PL"}]}},"_links":{"self":[{"href":"https:\/\/blog-stage.wika.cloudpowered.services\/pl\/wp-json\/wp\/v2\/pages\/6000","targetHints":{"allow":["GET"]}}],"collection":[{"href":"https:\/\/blog-stage.wika.cloudpowered.services\/pl\/wp-json\/wp\/v2\/pages"}],"about":[{"href":"https:\/\/blog-stage.wika.cloudpowered.services\/pl\/wp-json\/wp\/v2\/types\/page"}],"author":[{"embeddable":true,"href":"https:\/\/blog-stage.wika.cloudpowered.services\/pl\/wp-json\/wp\/v2\/users\/35"}],"replies":[{"embeddable":true,"href":"https:\/\/blog-stage.wika.cloudpowered.services\/pl\/wp-json\/wp\/v2\/comments?post=6000"}],"version-history":[{"count":14,"href":"https:\/\/blog-stage.wika.cloudpowered.services\/pl\/wp-json\/wp\/v2\/pages\/6000\/revisions"}],"predecessor-version":[{"id":9894,"href":"https:\/\/blog-stage.wika.cloudpowered.services\/pl\/wp-json\/wp\/v2\/pages\/6000\/revisions\/9894"}],"wp:attachment":[{"href":"https:\/\/blog-stage.wika.cloudpowered.services\/pl\/wp-json\/wp\/v2\/media?parent=6000"}],"curies":[{"name":"wp","href":"https:\/\/api.w.org\/{rel}","templated":true}]}}